{"id":2748,"date":"2022-08-04T19:26:45","date_gmt":"2022-08-04T19:26:45","guid":{"rendered":"https:\/\/www.mdartesanosdepaz.org\/?page_id=2748"},"modified":"2022-08-16T16:32:37","modified_gmt":"2022-08-16T16:32:37","slug":"como-vamos","status":"publish","type":"page","link":"https:\/\/www.mdartesanosdepaz.org\/index.php\/como-vamos\/","title":{"rendered":"Como Vamos"},"content":{"rendered":"\t\t<div data-elementor-type=\"wp-page\" data-elementor-id=\"2748\" class=\"elementor elementor-2748\">\n\t\t\t\t\t\t<section class=\"elementor-section elementor-top-section elementor-element elementor-element-42bc9a31 elementor-section-boxed elementor-section-height-default elementor-section-height-default\" data-id=\"42bc9a31\" data-element_type=\"section\" data-e-type=\"section\">\n\t\t\t\t\t\t<div class=\"elementor-container elementor-column-gap-default\">\n\t\t\t\t\t<div class=\"elementor-column elementor-col-100 elementor-top-column elementor-element elementor-element-14510a23\" data-id=\"14510a23\" data-element_type=\"column\" data-e-type=\"column\">\n\t\t\t<div class=\"elementor-widget-wrap elementor-element-populated\">\n\t\t\t\t\t\t<div class=\"elementor-element elementor-element-6c1f9ee9 elementor-widget elementor-widget-text-editor\" data-id=\"6c1f9ee9\" data-element_type=\"widget\" data-e-type=\"widget\" data-widget_type=\"text-editor.default\">\n\t\t\t\t<div class=\"elementor-widget-container\">\n\t\t\t\t\t\t\t\t\t\n<div id=\"wp-block-themeisle-blocks-advanced-columns-9fd8c803\" class=\"wp-block-themeisle-blocks-advanced-columns has-0-columns has-desktop-undefined-layout has-tablet-equal-layout has-mobile-equal-layout has-vertical-unset\"><div class=\"wp-block-themeisle-blocks-advanced-columns-overlay\"><\/div><div class=\"innerblocks-wrap\"><\/div><\/div>\n\t\t\t\t\t\t\t\t<\/div>\n\t\t\t\t<\/div>\n\t\t\t\t\t<\/div>\n\t\t<\/div>\n\t\t\t\t\t<\/div>\n\t\t<\/section>\n\t\t\t\t<section class=\"elementor-section elementor-top-section elementor-element elementor-element-487bd28 elementor-section-full_width elementor-section-height-default elementor-section-height-default\" data-id=\"487bd28\" data-element_type=\"section\" data-e-type=\"section\">\n\t\t\t\t\t\t<div class=\"elementor-container elementor-column-gap-default\">\n\t\t\t\t\t<div class=\"elementor-column elementor-col-100 elementor-top-column elementor-element elementor-element-b7729cf\" data-id=\"b7729cf\" data-element_type=\"column\" data-e-type=\"column\">\n\t\t\t<div class=\"elementor-widget-wrap elementor-element-populated\">\n\t\t\t\t\t\t<div class=\"elementor-element elementor-element-cda669a elementor-widget elementor-widget-html\" data-id=\"cda669a\" data-element_type=\"widget\" data-e-type=\"widget\" data-widget_type=\"html.default\">\n\t\t\t\t<div class=\"elementor-widget-container\">\n\t\t\t\t\t<iframe title=\"Powe Bi AdeP 11_08_2022\" width=\"1024\" height=\"600\" src=\"https:\/\/app.powerbi.com\/view?r=eyJrIjoiYmNhMjlkNmYtYTQyMi00M2M1LWFmOTMtZWZkMjM3ZmYzMGI1IiwidCI6ImIxYmE4NWViLWEyNTMtNDQ2Ny05ZWU4LWQ0ZjhlZDRkZjMwMCIsImMiOjR9&pageName=ReportSectionc0ded86cc687e7021a8d\" frameborder=\"0\" allowFullScreen=\"true\"><\/iframe>\t\t\t\t<\/div>\n\t\t\t\t<\/div>\n\t\t\t\t\t<\/div>\n\t\t<\/div>\n\t\t\t\t\t<\/div>\n\t\t<\/section>\n\t\t\t\t<\/div>\n\t\t","protected":false},"excerpt":{"rendered":"","protected":false},"author":5,"featured_media":0,"parent":0,"menu_order":0,"comment_status":"closed","ping_status":"closed","template":"elementor_header_footer","meta":{"_themeisle_gutenberg_block_has_review":false,"footnotes":""},"class_list":["post-2748","page","type-page","status-publish","hentry"],"yoast_head":"<!-- This site is optimized with the Yoast SEO plugin v27.5 - https:\/\/yoast.com\/product\/yoast-seo-wordpress\/ -->\n<title>Como Vamos - Artesanos de Paz MD<\/title>\n<meta name=\"robots\" content=\"index, follow, max-snippet:-1, max-image-preview:large, max-video-preview:-1\" \/>\n<link rel=\"canonical\" href=\"https:\/\/www.mdartesanosdepaz.org\/index.php\/como-vamos\/\" \/>\n<meta property=\"og:locale\" content=\"es_ES\" \/>\n<meta property=\"og:type\" content=\"article\" \/>\n<meta property=\"og:title\" content=\"Como Vamos - Artesanos de Paz MD\" \/>\n<meta property=\"og:url\" content=\"https:\/\/www.mdartesanosdepaz.org\/index.php\/como-vamos\/\" \/>\n<meta property=\"og:site_name\" content=\"Artesanos de Paz MD\" \/>\n<meta property=\"article:modified_time\" content=\"2022-08-16T16:32:37+00:00\" \/>\n<meta name=\"twitter:card\" content=\"summary_large_image\" \/>\n<script type=\"application\/ld+json\" class=\"yoast-schema-graph\">{\"@context\":\"https:\\\/\\\/schema.org\",\"@graph\":[{\"@type\":\"WebPage\",\"@id\":\"https:\\\/\\\/www.mdartesanosdepaz.org\\\/index.php\\\/como-vamos\\\/\",\"url\":\"https:\\\/\\\/www.mdartesanosdepaz.org\\\/index.php\\\/como-vamos\\\/\",\"name\":\"Como Vamos - Artesanos de Paz MD\",\"isPartOf\":{\"@id\":\"https:\\\/\\\/www.mdartesanosdepaz.org\\\/#website\"},\"datePublished\":\"2022-08-04T19:26:45+00:00\",\"dateModified\":\"2022-08-16T16:32:37+00:00\",\"breadcrumb\":{\"@id\":\"https:\\\/\\\/www.mdartesanosdepaz.org\\\/index.php\\\/como-vamos\\\/#breadcrumb\"},\"inLanguage\":\"es-CO\",\"potentialAction\":[{\"@type\":\"ReadAction\",\"target\":[\"https:\\\/\\\/www.mdartesanosdepaz.org\\\/index.php\\\/como-vamos\\\/\"]}]},{\"@type\":\"BreadcrumbList\",\"@id\":\"https:\\\/\\\/www.mdartesanosdepaz.org\\\/index.php\\\/como-vamos\\\/#breadcrumb\",\"itemListElement\":[{\"@type\":\"ListItem\",\"position\":1,\"name\":\"Inicio\",\"item\":\"https:\\\/\\\/www.mdartesanosdepaz.org\\\/\"},{\"@type\":\"ListItem\",\"position\":2,\"name\":\"Como Vamos\"}]},{\"@type\":\"WebSite\",\"@id\":\"https:\\\/\\\/www.mdartesanosdepaz.org\\\/#website\",\"url\":\"https:\\\/\\\/www.mdartesanosdepaz.org\\\/\",\"name\":\"Artesanos de Paz MD\",\"description\":\"Plantea una nueva forma de organizaci\u00f3n y coordinaci\u00f3n de las entidades de El Minuto de Dios para el trabajo enfocado al desarrollo de las comunidades m\u00e1s afectadas por el conflicto armado.\",\"publisher\":{\"@id\":\"https:\\\/\\\/www.mdartesanosdepaz.org\\\/#organization\"},\"potentialAction\":[{\"@type\":\"SearchAction\",\"target\":{\"@type\":\"EntryPoint\",\"urlTemplate\":\"https:\\\/\\\/www.mdartesanosdepaz.org\\\/?s={search_term_string}\"},\"query-input\":{\"@type\":\"PropertyValueSpecification\",\"valueRequired\":true,\"valueName\":\"search_term_string\"}}],\"inLanguage\":\"es-CO\"},{\"@type\":\"Organization\",\"@id\":\"https:\\\/\\\/www.mdartesanosdepaz.org\\\/#organization\",\"name\":\"Artesanos de Paz\",\"url\":\"https:\\\/\\\/www.mdartesanosdepaz.org\\\/\",\"logo\":{\"@type\":\"ImageObject\",\"inLanguage\":\"es-CO\",\"@id\":\"https:\\\/\\\/www.mdartesanosdepaz.org\\\/#\\\/schema\\\/logo\\\/image\\\/\",\"url\":\"https:\\\/\\\/www.mdartesanosdepaz.org\\\/wp-content\\\/uploads\\\/2020\\\/02\\\/banner-web-02.jpg\",\"contentUrl\":\"https:\\\/\\\/www.mdartesanosdepaz.org\\\/wp-content\\\/uploads\\\/2020\\\/02\\\/banner-web-02.jpg\",\"width\":1770,\"height\":968,\"caption\":\"Artesanos de Paz\"},\"image\":{\"@id\":\"https:\\\/\\\/www.mdartesanosdepaz.org\\\/#\\\/schema\\\/logo\\\/image\\\/\"}}]}<\/script>\n<!-- \/ Yoast SEO plugin. -->","yoast_head_json":{"title":"Como Vamos - Artesanos de Paz MD","robots":{"index":"index","follow":"follow","max-snippet":"max-snippet:-1","max-image-preview":"max-image-preview:large","max-video-preview":"max-video-preview:-1"},"canonical":"https:\/\/www.mdartesanosdepaz.org\/index.php\/como-vamos\/","og_locale":"es_ES","og_type":"article","og_title":"Como Vamos - Artesanos de Paz MD","og_url":"https:\/\/www.mdartesanosdepaz.org\/index.php\/como-vamos\/","og_site_name":"Artesanos de Paz MD","article_modified_time":"2022-08-16T16:32:37+00:00","twitter_card":"summary_large_image","schema":{"@context":"https:\/\/schema.org","@graph":[{"@type":"WebPage","@id":"https:\/\/www.mdartesanosdepaz.org\/index.php\/como-vamos\/","url":"https:\/\/www.mdartesanosdepaz.org\/index.php\/como-vamos\/","name":"Como Vamos - Artesanos de Paz MD","isPartOf":{"@id":"https:\/\/www.mdartesanosdepaz.org\/#website"},"datePublished":"2022-08-04T19:26:45+00:00","dateModified":"2022-08-16T16:32:37+00:00","breadcrumb":{"@id":"https:\/\/www.mdartesanosdepaz.org\/index.php\/como-vamos\/#breadcrumb"},"inLanguage":"es-CO","potentialAction":[{"@type":"ReadAction","target":["https:\/\/www.mdartesanosdepaz.org\/index.php\/como-vamos\/"]}]},{"@type":"BreadcrumbList","@id":"https:\/\/www.mdartesanosdepaz.org\/index.php\/como-vamos\/#breadcrumb","itemListElement":[{"@type":"ListItem","position":1,"name":"Inicio","item":"https:\/\/www.mdartesanosdepaz.org\/"},{"@type":"ListItem","position":2,"name":"Como Vamos"}]},{"@type":"WebSite","@id":"https:\/\/www.mdartesanosdepaz.org\/#website","url":"https:\/\/www.mdartesanosdepaz.org\/","name":"Artesanos de Paz MD","description":"Plantea una nueva forma de organizaci\u00f3n y coordinaci\u00f3n de las entidades de El Minuto de Dios para el trabajo enfocado al desarrollo de las comunidades m\u00e1s afectadas por el conflicto armado.","publisher":{"@id":"https:\/\/www.mdartesanosdepaz.org\/#organization"},"potentialAction":[{"@type":"SearchAction","target":{"@type":"EntryPoint","urlTemplate":"https:\/\/www.mdartesanosdepaz.org\/?s={search_term_string}"},"query-input":{"@type":"PropertyValueSpecification","valueRequired":true,"valueName":"search_term_string"}}],"inLanguage":"es-CO"},{"@type":"Organization","@id":"https:\/\/www.mdartesanosdepaz.org\/#organization","name":"Artesanos de Paz","url":"https:\/\/www.mdartesanosdepaz.org\/","logo":{"@type":"ImageObject","inLanguage":"es-CO","@id":"https:\/\/www.mdartesanosdepaz.org\/#\/schema\/logo\/image\/","url":"https:\/\/www.mdartesanosdepaz.org\/wp-content\/uploads\/2020\/02\/banner-web-02.jpg","contentUrl":"https:\/\/www.mdartesanosdepaz.org\/wp-content\/uploads\/2020\/02\/banner-web-02.jpg","width":1770,"height":968,"caption":"Artesanos de Paz"},"image":{"@id":"https:\/\/www.mdartesanosdepaz.org\/#\/schema\/logo\/image\/"}}]}},"_links":{"self":[{"href":"https:\/\/www.mdartesanosdepaz.org\/index.php\/wp-json\/wp\/v2\/pages\/2748","targetHints":{"allow":["GET"]}}],"collection":[{"href":"https:\/\/www.mdartesanosdepaz.org\/index.php\/wp-json\/wp\/v2\/pages"}],"about":[{"href":"https:\/\/www.mdartesanosdepaz.org\/index.php\/wp-json\/wp\/v2\/types\/page"}],"author":[{"embeddable":true,"href":"https:\/\/www.mdartesanosdepaz.org\/index.php\/wp-json\/wp\/v2\/users\/5"}],"replies":[{"embeddable":true,"href":"https:\/\/www.mdartesanosdepaz.org\/index.php\/wp-json\/wp\/v2\/comments?post=2748"}],"version-history":[{"count":14,"href":"https:\/\/www.mdartesanosdepaz.org\/index.php\/wp-json\/wp\/v2\/pages\/2748\/revisions"}],"predecessor-version":[{"id":2783,"href":"https:\/\/www.mdartesanosdepaz.org\/index.php\/wp-json\/wp\/v2\/pages\/2748\/revisions\/2783"}],"wp:attachment":[{"href":"https:\/\/www.mdartesanosdepaz.org\/index.php\/wp-json\/wp\/v2\/media?parent=2748"}],"curies":[{"name":"wp","href":"https:\/\/api.w.org\/{rel}","templated":true}]}}