{"id":1472,"date":"2020-06-24T20:06:53","date_gmt":"2020-06-24T20:06:53","guid":{"rendered":"http:\/\/www.mdartesanosdepaz.org\/?page_id=1472"},"modified":"2020-06-24T20:09:36","modified_gmt":"2020-06-24T20:09:36","slug":"territorio-sur-de-bolivar","status":"publish","type":"page","link":"https:\/\/www.mdartesanosdepaz.org\/index.php\/territorio-sur-de-bolivar\/","title":{"rendered":"Territorio Sur de Bol\u00edvar"},"content":{"rendered":"\t\t<div data-elementor-type=\"wp-page\" data-elementor-id=\"1472\" class=\"elementor elementor-1472\">\n\t\t\t\t\t\t<section class=\"elementor-section elementor-top-section elementor-element elementor-element-1bc2b4a6 elementor-section-boxed elementor-section-height-default elementor-section-height-default\" data-id=\"1bc2b4a6\" data-element_type=\"section\" data-e-type=\"section\">\n\t\t\t\t\t\t<div class=\"elementor-container elementor-column-gap-default\">\n\t\t\t\t\t<div class=\"elementor-column elementor-col-100 elementor-top-column elementor-element elementor-element-430f6dec\" data-id=\"430f6dec\" data-element_type=\"column\" data-e-type=\"column\">\n\t\t\t<div class=\"elementor-widget-wrap elementor-element-populated\">\n\t\t\t\t\t\t<div class=\"elementor-element elementor-element-6b3133b9 elementor-widget elementor-widget-text-editor\" data-id=\"6b3133b9\" data-element_type=\"widget\" data-e-type=\"widget\" data-widget_type=\"text-editor.default\">\n\t\t\t\t<div class=\"elementor-widget-container\">\n\t\t\t\t\t\t\t\t\t\n<div class=\"wp-block-themeisle-blocks-advanced-columns has-undefined-columns has-desktop-undefined-layout has-tablet-equal-layout has-mobile-equal-layout has-default-gap has-vertical-unset\"><div class=\"wp-block-themeisle-blocks-advanced-columns-overlay\"><\/div><div class=\"innerblocks-wrap\"><\/div><\/div>\n\t\t\t\t\t\t\t\t<\/div>\n\t\t\t\t<\/div>\n\t\t\t\t\t<\/div>\n\t\t<\/div>\n\t\t\t\t\t<\/div>\n\t\t<\/section>\n\t\t\t\t<section class=\"elementor-section elementor-top-section elementor-element elementor-element-fd72e27 elementor-section-stretched elementor-section-boxed elementor-section-height-default elementor-section-height-default\" data-id=\"fd72e27\" data-element_type=\"section\" data-e-type=\"section\" data-settings=\"{&quot;stretch_section&quot;:&quot;section-stretched&quot;}\">\n\t\t\t\t\t\t<div class=\"elementor-container elementor-column-gap-default\">\n\t\t\t\t\t<div class=\"elementor-column elementor-col-100 elementor-top-column elementor-element elementor-element-dae5ed9\" data-id=\"dae5ed9\" data-element_type=\"column\" data-e-type=\"column\">\n\t\t\t<div class=\"elementor-widget-wrap elementor-element-populated\">\n\t\t\t\t\t\t<div class=\"elementor-element elementor-element-cf621bd elementor-widget elementor-widget-heading\" data-id=\"cf621bd\" data-element_type=\"widget\" data-e-type=\"widget\" data-widget_type=\"heading.default\">\n\t\t\t\t<div class=\"elementor-widget-container\">\n\t\t\t\t\t<h2 class=\"elementor-heading-title elementor-size-default\">Territorio Sur de Bol\u00edvar<\/h2>\t\t\t\t<\/div>\n\t\t\t\t<\/div>\n\t\t\t\t<div class=\"elementor-element elementor-element-a584c56 elementor-widget-divider--view-line elementor-widget elementor-widget-divider\" data-id=\"a584c56\" data-element_type=\"widget\" data-e-type=\"widget\" data-widget_type=\"divider.default\">\n\t\t\t\t<div class=\"elementor-widget-container\">\n\t\t\t\t\t\t\t<div class=\"elementor-divider\">\n\t\t\t<span class=\"elementor-divider-separator\">\n\t\t\t\t\t\t<\/span>\n\t\t<\/div>\n\t\t\t\t\t\t<\/div>\n\t\t\t\t<\/div>\n\t\t\t\t\t<\/div>\n\t\t<\/div>\n\t\t\t\t\t<\/div>\n\t\t<\/section>\n\t\t\t\t<section class=\"elementor-section elementor-top-section elementor-element elementor-element-50a33a9 elementor-section-stretched elementor-section-boxed elementor-section-height-default elementor-section-height-default\" data-id=\"50a33a9\" data-element_type=\"section\" data-e-type=\"section\" data-settings=\"{&quot;stretch_section&quot;:&quot;section-stretched&quot;}\">\n\t\t\t\t\t\t<div class=\"elementor-container elementor-column-gap-default\">\n\t\t\t\t\t<div class=\"elementor-column elementor-col-100 elementor-top-column elementor-element elementor-element-1c260de\" data-id=\"1c260de\" data-element_type=\"column\" data-e-type=\"column\">\n\t\t\t<div class=\"elementor-widget-wrap elementor-element-populated\">\n\t\t\t\t\t\t<div class=\"elementor-element elementor-element-c136af1 elementor-widget elementor-widget-text-editor\" data-id=\"c136af1\" data-element_type=\"widget\" data-e-type=\"widget\" data-widget_type=\"text-editor.default\">\n\t\t\t\t<div class=\"elementor-widget-container\">\n\t\t\t\t\t\t\t\t\t<p>El mapa que est\u00e1 en esta p\u00e1gina ilustra la regi\u00f3n del Sur de Bol\u00edvar acompa\u00f1ado de la presencia de El Minuto de Dios, tanto a nivel f\u00edsico o de instalaciones, como a nivel de proyectos en tres categor\u00edas (investigaci\u00f3n vigente, proyectos sociales de formaci\u00f3n ejecutados por los CED y de la estrategia MD Artesanos de Paz de la organizaci\u00f3n)<\/p>\t\t\t\t\t\t\t\t<\/div>\n\t\t\t\t<\/div>\n\t\t\t\t\t<\/div>\n\t\t<\/div>\n\t\t\t\t\t<\/div>\n\t\t<\/section>\n\t\t\t\t<section class=\"elementor-section elementor-top-section elementor-element elementor-element-13c5519 elementor-section-stretched elementor-section-boxed elementor-section-height-default elementor-section-height-default\" data-id=\"13c5519\" data-element_type=\"section\" data-e-type=\"section\" data-settings=\"{&quot;stretch_section&quot;:&quot;section-stretched&quot;}\">\n\t\t\t\t\t\t<div class=\"elementor-container elementor-column-gap-default\">\n\t\t\t\t\t<div class=\"elementor-column elementor-col-100 elementor-top-column elementor-element elementor-element-61a95cd\" data-id=\"61a95cd\" data-element_type=\"column\" data-e-type=\"column\">\n\t\t\t<div class=\"elementor-widget-wrap elementor-element-populated\">\n\t\t\t\t\t\t<div class=\"elementor-element elementor-element-3d375e9 elementor-widget elementor-widget-html\" data-id=\"3d375e9\" data-element_type=\"widget\" data-e-type=\"widget\" data-widget_type=\"html.default\">\n\t\t\t\t<div class=\"elementor-widget-container\">\n\t\t\t\t\t<iframe src=\"https:\/\/arcg.is\/18SvXf\" style=\"border:0px #ffffff none;\" name=\"myiFrame\" scrolling=\"no\" frameborder=\"1\" marginheight=\"0px\" marginwidth=\"0px\" height=\"700px\" width=\"900px\" allowfullscreen><\/iframe>\t\t\t\t<\/div>\n\t\t\t\t<\/div>\n\t\t\t\t\t<\/div>\n\t\t<\/div>\n\t\t\t\t\t<\/div>\n\t\t<\/section>\n\t\t\t\t<section class=\"elementor-section elementor-top-section elementor-element elementor-element-4822c6d elementor-section-stretched elementor-section-boxed elementor-section-height-default elementor-section-height-default\" data-id=\"4822c6d\" data-element_type=\"section\" data-e-type=\"section\" data-settings=\"{&quot;stretch_section&quot;:&quot;section-stretched&quot;}\">\n\t\t\t\t\t\t<div class=\"elementor-container elementor-column-gap-default\">\n\t\t\t\t\t<div class=\"elementor-column elementor-col-100 elementor-top-column elementor-element elementor-element-4954703\" data-id=\"4954703\" data-element_type=\"column\" data-e-type=\"column\">\n\t\t\t<div class=\"elementor-widget-wrap elementor-element-populated\">\n\t\t\t\t\t\t<div class=\"elementor-element elementor-element-026c3c0 elementor-widget elementor-widget-heading\" data-id=\"026c3c0\" data-element_type=\"widget\" data-e-type=\"widget\" data-widget_type=\"heading.default\">\n\t\t\t\t<div class=\"elementor-widget-container\">\n\t\t\t\t\t<h5 class=\"elementor-heading-title elementor-size-default\">Proyectos presentes:<\/h5>\t\t\t\t<\/div>\n\t\t\t\t<\/div>\n\t\t\t\t\t<\/div>\n\t\t<\/div>\n\t\t\t\t\t<\/div>\n\t\t<\/section>\n\t\t\t\t<section class=\"elementor-section elementor-top-section elementor-element elementor-element-b86789f elementor-section-stretched elementor-section-boxed elementor-section-height-default elementor-section-height-default\" data-id=\"b86789f\" data-element_type=\"section\" data-e-type=\"section\" data-settings=\"{&quot;stretch_section&quot;:&quot;section-stretched&quot;}\">\n\t\t\t\t\t\t<div class=\"elementor-container elementor-column-gap-default\">\n\t\t\t\t\t<div class=\"elementor-column elementor-col-100 elementor-top-column elementor-element elementor-element-f9bf140\" data-id=\"f9bf140\" data-element_type=\"column\" data-e-type=\"column\">\n\t\t\t<div class=\"elementor-widget-wrap elementor-element-populated\">\n\t\t\t\t\t\t<div class=\"elementor-element elementor-element-bdc9a3f elementor-widget elementor-widget-html\" data-id=\"bdc9a3f\" data-element_type=\"widget\" data-e-type=\"widget\" data-widget_type=\"html.default\">\n\t\t\t\t<div class=\"elementor-widget-container\">\n\t\t\t\t\t<style>\n#customers {\n  font-family: \"Trebuchet MS\", Arial, Helvetica, sans-serif;\n  border-collapse: collapse;\n  width: 100%;\n\talign-content: center;\n}\n\n#customers td, #customers th {\n  border: 1px solid #ddd;\n  padding: 8px;\n}\n\n#customers tr:nth-child(even){background-color: #f2f2f2;}\n\n#customers tr:hover {background-color: #ddd;}\n\n#customers th {\n  padding-top: 12px;\n  padding-bottom: 12px;\n  text-align: left;\n  background-color: #4CAF50;\n  color: white;\n}\n<\/style>\n<\/head>\n<body>\n\n<table class=\"text-align:center\" id=\"customers\">\n  <tr>\n    <th>Tipo de proyecto<\/th>\n    <th>Cantidad<\/th>\n   \n  <\/tr>\n  <tr>\n    <td>Proyectos sociales de formaci\u00f3n<\/td>\n    <td>0<\/td>\n   \n  <\/tr>\n  <tr>\n    <td>Proyectos de Investigaci\u00f3n vigentes<\/td>\n    <td>2<\/td>\n   \n  <\/tr>\n  <tr>\n    <td>Proyectos Artesanos de Paz<\/td>\n    <td>0<\/td>\n \n  \n    <tr>\n    <td>Total de Proyectos<\/td>\n    <td>2<\/td>\n    \n  \n<\/table>\t\t\t\t<\/div>\n\t\t\t\t<\/div>\n\t\t\t\t\t<\/div>\n\t\t<\/div>\n\t\t\t\t\t<\/div>\n\t\t<\/section>\n\t\t\t\t<\/div>\n\t\t","protected":false},"excerpt":{"rendered":"<p>Territorio Sur de Bol\u00edvar El mapa que est\u00e1 en esta p\u00e1gina ilustra la regi\u00f3n del Sur de Bol\u00edvar acompa\u00f1ado de la presencia de El Minuto de Dios, tanto a nivel f\u00edsico o de instalaciones, como a nivel de proyectos en tres categor\u00edas (investigaci\u00f3n vigente, proyectos sociales de formaci\u00f3n ejecutados por [&hellip;]<\/p>\n","protected":false},"author":5,"featured_media":0,"parent":0,"menu_order":0,"comment_status":"closed","ping_status":"closed","template":"","meta":{"_themeisle_gutenberg_block_has_review":false,"footnotes":""},"class_list":["post-1472","page","type-page","status-publish","hentry"],"yoast_head":"<!-- This site is optimized with the Yoast SEO plugin v27.1.1 - https:\/\/yoast.com\/product\/yoast-seo-wordpress\/ -->\n<title>Territorio Sur de Bol\u00edvar - Artesanos de Paz MD<\/title>\n<meta name=\"robots\" content=\"index, follow, max-snippet:-1, max-image-preview:large, max-video-preview:-1\" \/>\n<link rel=\"canonical\" href=\"https:\/\/www.mdartesanosdepaz.org\/index.php\/territorio-sur-de-bolivar\/\" \/>\n<meta property=\"og:locale\" content=\"es_ES\" \/>\n<meta property=\"og:type\" content=\"article\" \/>\n<meta property=\"og:title\" content=\"Territorio Sur de Bol\u00edvar - Artesanos de Paz MD\" \/>\n<meta property=\"og:description\" content=\"Territorio Sur de Bol\u00edvar El mapa que est\u00e1 en esta p\u00e1gina ilustra la regi\u00f3n del Sur de Bol\u00edvar acompa\u00f1ado de la presencia de El Minuto de Dios, tanto a nivel f\u00edsico o de instalaciones, como a nivel de proyectos en tres categor\u00edas (investigaci\u00f3n vigente, proyectos sociales de formaci\u00f3n ejecutados por [&hellip;]\" \/>\n<meta property=\"og:url\" content=\"https:\/\/www.mdartesanosdepaz.org\/index.php\/territorio-sur-de-bolivar\/\" \/>\n<meta property=\"og:site_name\" content=\"Artesanos de Paz MD\" \/>\n<meta property=\"article:modified_time\" content=\"2020-06-24T20:09:36+00:00\" \/>\n<meta name=\"twitter:card\" content=\"summary_large_image\" \/>\n<script type=\"application\/ld+json\" class=\"yoast-schema-graph\">{\"@context\":\"https:\/\/schema.org\",\"@graph\":[{\"@type\":\"WebPage\",\"@id\":\"https:\/\/www.mdartesanosdepaz.org\/index.php\/territorio-sur-de-bolivar\/\",\"url\":\"https:\/\/www.mdartesanosdepaz.org\/index.php\/territorio-sur-de-bolivar\/\",\"name\":\"Territorio Sur de Bol\u00edvar - Artesanos de Paz MD\",\"isPartOf\":{\"@id\":\"https:\/\/www.mdartesanosdepaz.org\/#website\"},\"datePublished\":\"2020-06-24T20:06:53+00:00\",\"dateModified\":\"2020-06-24T20:09:36+00:00\",\"breadcrumb\":{\"@id\":\"https:\/\/www.mdartesanosdepaz.org\/index.php\/territorio-sur-de-bolivar\/#breadcrumb\"},\"inLanguage\":\"es-CO\",\"potentialAction\":[{\"@type\":\"ReadAction\",\"target\":[\"https:\/\/www.mdartesanosdepaz.org\/index.php\/territorio-sur-de-bolivar\/\"]}]},{\"@type\":\"BreadcrumbList\",\"@id\":\"https:\/\/www.mdartesanosdepaz.org\/index.php\/territorio-sur-de-bolivar\/#breadcrumb\",\"itemListElement\":[{\"@type\":\"ListItem\",\"position\":1,\"name\":\"Inicio\",\"item\":\"https:\/\/www.mdartesanosdepaz.org\/\"},{\"@type\":\"ListItem\",\"position\":2,\"name\":\"Territorio Sur de Bol\u00edvar\"}]},{\"@type\":\"WebSite\",\"@id\":\"https:\/\/www.mdartesanosdepaz.org\/#website\",\"url\":\"https:\/\/www.mdartesanosdepaz.org\/\",\"name\":\"Artesanos de Paz MD\",\"description\":\"Plantea una nueva forma de organizaci\u00f3n y coordinaci\u00f3n de las entidades de El Minuto de Dios para el trabajo enfocado al desarrollo de las comunidades m\u00e1s afectadas por el conflicto armado.\",\"publisher\":{\"@id\":\"https:\/\/www.mdartesanosdepaz.org\/#organization\"},\"potentialAction\":[{\"@type\":\"SearchAction\",\"target\":{\"@type\":\"EntryPoint\",\"urlTemplate\":\"https:\/\/www.mdartesanosdepaz.org\/?s={search_term_string}\"},\"query-input\":{\"@type\":\"PropertyValueSpecification\",\"valueRequired\":true,\"valueName\":\"search_term_string\"}}],\"inLanguage\":\"es-CO\"},{\"@type\":\"Organization\",\"@id\":\"https:\/\/www.mdartesanosdepaz.org\/#organization\",\"name\":\"Artesanos de Paz\",\"url\":\"https:\/\/www.mdartesanosdepaz.org\/\",\"logo\":{\"@type\":\"ImageObject\",\"inLanguage\":\"es-CO\",\"@id\":\"https:\/\/www.mdartesanosdepaz.org\/#\/schema\/logo\/image\/\",\"url\":\"https:\/\/www.mdartesanosdepaz.org\/wp-content\/uploads\/2020\/02\/banner-web-02.jpg\",\"contentUrl\":\"https:\/\/www.mdartesanosdepaz.org\/wp-content\/uploads\/2020\/02\/banner-web-02.jpg\",\"width\":1770,\"height\":968,\"caption\":\"Artesanos de Paz\"},\"image\":{\"@id\":\"https:\/\/www.mdartesanosdepaz.org\/#\/schema\/logo\/image\/\"}}]}<\/script>\n<!-- \/ Yoast SEO plugin. -->","yoast_head_json":{"title":"Territorio Sur de Bol\u00edvar - Artesanos de Paz MD","robots":{"index":"index","follow":"follow","max-snippet":"max-snippet:-1","max-image-preview":"max-image-preview:large","max-video-preview":"max-video-preview:-1"},"canonical":"https:\/\/www.mdartesanosdepaz.org\/index.php\/territorio-sur-de-bolivar\/","og_locale":"es_ES","og_type":"article","og_title":"Territorio Sur de Bol\u00edvar - Artesanos de Paz MD","og_description":"Territorio Sur de Bol\u00edvar El mapa que est\u00e1 en esta p\u00e1gina ilustra la regi\u00f3n del Sur de Bol\u00edvar acompa\u00f1ado de la presencia de El Minuto de Dios, tanto a nivel f\u00edsico o de instalaciones, como a nivel de proyectos en tres categor\u00edas (investigaci\u00f3n vigente, proyectos sociales de formaci\u00f3n ejecutados por [&hellip;]","og_url":"https:\/\/www.mdartesanosdepaz.org\/index.php\/territorio-sur-de-bolivar\/","og_site_name":"Artesanos de Paz MD","article_modified_time":"2020-06-24T20:09:36+00:00","twitter_card":"summary_large_image","schema":{"@context":"https:\/\/schema.org","@graph":[{"@type":"WebPage","@id":"https:\/\/www.mdartesanosdepaz.org\/index.php\/territorio-sur-de-bolivar\/","url":"https:\/\/www.mdartesanosdepaz.org\/index.php\/territorio-sur-de-bolivar\/","name":"Territorio Sur de Bol\u00edvar - Artesanos de Paz MD","isPartOf":{"@id":"https:\/\/www.mdartesanosdepaz.org\/#website"},"datePublished":"2020-06-24T20:06:53+00:00","dateModified":"2020-06-24T20:09:36+00:00","breadcrumb":{"@id":"https:\/\/www.mdartesanosdepaz.org\/index.php\/territorio-sur-de-bolivar\/#breadcrumb"},"inLanguage":"es-CO","potentialAction":[{"@type":"ReadAction","target":["https:\/\/www.mdartesanosdepaz.org\/index.php\/territorio-sur-de-bolivar\/"]}]},{"@type":"BreadcrumbList","@id":"https:\/\/www.mdartesanosdepaz.org\/index.php\/territorio-sur-de-bolivar\/#breadcrumb","itemListElement":[{"@type":"ListItem","position":1,"name":"Inicio","item":"https:\/\/www.mdartesanosdepaz.org\/"},{"@type":"ListItem","position":2,"name":"Territorio Sur de Bol\u00edvar"}]},{"@type":"WebSite","@id":"https:\/\/www.mdartesanosdepaz.org\/#website","url":"https:\/\/www.mdartesanosdepaz.org\/","name":"Artesanos de Paz MD","description":"Plantea una nueva forma de organizaci\u00f3n y coordinaci\u00f3n de las entidades de El Minuto de Dios para el trabajo enfocado al desarrollo de las comunidades m\u00e1s afectadas por el conflicto armado.","publisher":{"@id":"https:\/\/www.mdartesanosdepaz.org\/#organization"},"potentialAction":[{"@type":"SearchAction","target":{"@type":"EntryPoint","urlTemplate":"https:\/\/www.mdartesanosdepaz.org\/?s={search_term_string}"},"query-input":{"@type":"PropertyValueSpecification","valueRequired":true,"valueName":"search_term_string"}}],"inLanguage":"es-CO"},{"@type":"Organization","@id":"https:\/\/www.mdartesanosdepaz.org\/#organization","name":"Artesanos de Paz","url":"https:\/\/www.mdartesanosdepaz.org\/","logo":{"@type":"ImageObject","inLanguage":"es-CO","@id":"https:\/\/www.mdartesanosdepaz.org\/#\/schema\/logo\/image\/","url":"https:\/\/www.mdartesanosdepaz.org\/wp-content\/uploads\/2020\/02\/banner-web-02.jpg","contentUrl":"https:\/\/www.mdartesanosdepaz.org\/wp-content\/uploads\/2020\/02\/banner-web-02.jpg","width":1770,"height":968,"caption":"Artesanos de Paz"},"image":{"@id":"https:\/\/www.mdartesanosdepaz.org\/#\/schema\/logo\/image\/"}}]}},"_links":{"self":[{"href":"https:\/\/www.mdartesanosdepaz.org\/index.php\/wp-json\/wp\/v2\/pages\/1472","targetHints":{"allow":["GET"]}}],"collection":[{"href":"https:\/\/www.mdartesanosdepaz.org\/index.php\/wp-json\/wp\/v2\/pages"}],"about":[{"href":"https:\/\/www.mdartesanosdepaz.org\/index.php\/wp-json\/wp\/v2\/types\/page"}],"author":[{"embeddable":true,"href":"https:\/\/www.mdartesanosdepaz.org\/index.php\/wp-json\/wp\/v2\/users\/5"}],"replies":[{"embeddable":true,"href":"https:\/\/www.mdartesanosdepaz.org\/index.php\/wp-json\/wp\/v2\/comments?post=1472"}],"version-history":[{"count":2,"href":"https:\/\/www.mdartesanosdepaz.org\/index.php\/wp-json\/wp\/v2\/pages\/1472\/revisions"}],"predecessor-version":[{"id":1474,"href":"https:\/\/www.mdartesanosdepaz.org\/index.php\/wp-json\/wp\/v2\/pages\/1472\/revisions\/1474"}],"wp:attachment":[{"href":"https:\/\/www.mdartesanosdepaz.org\/index.php\/wp-json\/wp\/v2\/media?parent=1472"}],"curies":[{"name":"wp","href":"https:\/\/api.w.org\/{rel}","templated":true}]}}